{"id":1110,"date":"2020-07-24T11:52:49","date_gmt":"2020-07-24T11:52:49","guid":{"rendered":"http:\/\/cie-veiculo-longo.fr\/?page_id=1110"},"modified":"2021-07-06T14:44:32","modified_gmt":"2021-07-06T14:44:32","slug":"kumquat","status":"publish","type":"page","link":"https:\/\/cie-veiculo-longo.fr\/?page_id=1110","title":{"rendered":"KUMQUAT"},"content":{"rendered":"\r\n<p style=\"text-align: justify;\">Kumquat est une proposition de spectacle performatif autour du corps, du texte et du son.<\/p>\r\n\r\n\r\n\r\n<p style=\"text-align: justify;\">Post confinement.<\/p>\r\n\r\n\r\n\r\n<ul class=\"wp-block-gallery columns-1 is-cropped wp-block-gallery-1 is-layout-flex wp-block-gallery-is-layout-flex\">\r\n<li class=\"blocks-gallery-item\">\r\n<figure style=\"text-align: justify;\"><img loading=\"lazy\" decoding=\"async\" width=\"1024\" height=\"605\" class=\"wp-image-1115\" src=\"http:\/\/cie-veiculo-longo.fr\/wp-content\/uploads\/2020\/07\/visuel-kumquat-1-1024x605.png\" alt=\"\" data-id=\"1115\" data-link=\"http:\/\/cie-veiculo-longo.fr\/?attachment_id=1115\" srcset=\"https:\/\/cie-veiculo-longo.fr\/wp-content\/uploads\/2020\/07\/visuel-kumquat-1-1024x605.png 1024w, https:\/\/cie-veiculo-longo.fr\/wp-content\/uploads\/2020\/07\/visuel-kumquat-1-300x177.png 300w, https:\/\/cie-veiculo-longo.fr\/wp-content\/uploads\/2020\/07\/visuel-kumquat-1-768x454.png 768w, https:\/\/cie-veiculo-longo.fr\/wp-content\/uploads\/2020\/07\/visuel-kumquat-1.png 1600w\" sizes=\"auto, (max-width: 1024px) 100vw, 1024px\" \/><\/figure>\r\n<\/li>\r\n<\/ul>\r\n\r\n\r\n\r\n<p style=\"text-align: justify;\"><em>Parce qu&rsquo;apr\u00e8s tout, enfourcher un tigre et descendre \u00e0 la cave pour prendre du fromage et du pain c&rsquo;est essentiel pour se r\u00e9inventer. <\/em><\/p>\r\n\r\n\r\n\r\n<p style=\"text-align: center;\"><strong><span style=\"text-decoration: underline;\">KUMQUAT<\/span> <\/strong><\/p>\r\n\r\n\r\n\r\n<p style=\"text-align: justify;\">Comment oser imaginer que les quelques phrases qui vont suivre te feront comprendre ce que tu vas voir alors que le pouvoir du sachant d\u00e9s\u00e9quilibre trop souvent le d\u00e9bat et impose sa subjectivit\u00e9.<\/p>\r\n\r\n\r\n\r\n<p style=\"text-align: justify;\">Sache donc que :<\/p>\r\n<p style=\"text-align: justify;\">\u00d4 toi, Fortunella Margarita <br \/>Tu es l&rsquo;oeuvre divine la plus aboutie. <br \/>Alors n&rsquo;en aie cure.Car quand Dieu s&rsquo;est cur\u00e9 le nez, c&rsquo;est toi qu&rsquo;il en a sorti.<\/p>\r\n\r\n\r\n\r\n<p style=\"text-align: justify;\">De et avec : Elodie Curado et Antoine Hefti<\/p>\r\n","protected":false},"excerpt":{"rendered":"<a href=\"https:\/\/cie-veiculo-longo.fr\/?page_id=1110\"><img loading=\"lazy\" decoding=\"async\" width=\"150\" height=\"150\" src=\"http:\/\/cie-veiculo-longo.fr\/wp-content\/plugins\/thumbnail-for-excerpts\/tfe_no_thumb.png\" class=\"alignleft wp-post-image tfe\" alt=\"\" title=\"\" \/><\/a><p>Kumquat est une proposition de spectacle performatif autour du corps, du texte et du son. Post confinement. Parce qu&rsquo;apr\u00e8s tout, enfourcher un tigre et descendre \u00e0 la cave pour prendre du fromage et du pain c&rsquo;est essentiel pour se r\u00e9inventer. KUMQUAT Comment oser imaginer que les quelques phrases qui vont suivre te feront comprendre ce [&hellip;]<\/p>\n","protected":false},"author":1,"featured_media":0,"parent":0,"menu_order":0,"comment_status":"closed","ping_status":"closed","template":"","meta":{"footnotes":""},"class_list":["post-1110","page","type-page","status-publish","hentry"],"_links":{"self":[{"href":"https:\/\/cie-veiculo-longo.fr\/index.php?rest_route=\/wp\/v2\/pages\/1110","targetHints":{"allow":["GET"]}}],"collection":[{"href":"https:\/\/cie-veiculo-longo.fr\/index.php?rest_route=\/wp\/v2\/pages"}],"about":[{"href":"https:\/\/cie-veiculo-longo.fr\/index.php?rest_route=\/wp\/v2\/types\/page"}],"author":[{"embeddable":true,"href":"https:\/\/cie-veiculo-longo.fr\/index.php?rest_route=\/wp\/v2\/users\/1"}],"replies":[{"embeddable":true,"href":"https:\/\/cie-veiculo-longo.fr\/index.php?rest_route=%2Fwp%2Fv2%2Fcomments&post=1110"}],"version-history":[{"count":5,"href":"https:\/\/cie-veiculo-longo.fr\/index.php?rest_route=\/wp\/v2\/pages\/1110\/revisions"}],"predecessor-version":[{"id":1202,"href":"https:\/\/cie-veiculo-longo.fr\/index.php?rest_route=\/wp\/v2\/pages\/1110\/revisions\/1202"}],"wp:attachment":[{"href":"https:\/\/cie-veiculo-longo.fr\/index.php?rest_route=%2Fwp%2Fv2%2Fmedia&parent=1110"}],"curies":[{"name":"wp","href":"https:\/\/api.w.org\/{rel}","templated":true}]}}