{"id":1256,"date":"2023-10-30T15:24:32","date_gmt":"2023-10-30T15:24:32","guid":{"rendered":"http:\/\/cie-veiculo-longo.fr\/?page_id=1256"},"modified":"2025-06-28T12:40:29","modified_gmt":"2025-06-28T12:40:29","slug":"foule-titre-provisoire-creation-2025-2026","status":"publish","type":"page","link":"https:\/\/cie-veiculo-longo.fr\/?page_id=1256","title":{"rendered":"FOULE (titre provisoire) Cr\u00e9ation 2027"},"content":{"rendered":"<p style=\"text-align: right;\"><a href=\"http:\/\/cie-veiculo-longo.fr\/wp-content\/uploads\/2025\/06\/GDT-joue-scaled.jpg\"><img loading=\"lazy\" decoding=\"async\" class=\"aligncenter size-full wp-image-1286\" src=\"http:\/\/cie-veiculo-longo.fr\/wp-content\/uploads\/2025\/06\/GDT-joue-scaled.jpg\" alt=\"\" width=\"2560\" height=\"1707\" srcset=\"https:\/\/cie-veiculo-longo.fr\/wp-content\/uploads\/2025\/06\/GDT-joue-scaled.jpg 2560w, https:\/\/cie-veiculo-longo.fr\/wp-content\/uploads\/2025\/06\/GDT-joue-300x200.jpg 300w, https:\/\/cie-veiculo-longo.fr\/wp-content\/uploads\/2025\/06\/GDT-joue-1024x683.jpg 1024w, https:\/\/cie-veiculo-longo.fr\/wp-content\/uploads\/2025\/06\/GDT-joue-768x512.jpg 768w, https:\/\/cie-veiculo-longo.fr\/wp-content\/uploads\/2025\/06\/GDT-joue-1536x1024.jpg 1536w, https:\/\/cie-veiculo-longo.fr\/wp-content\/uploads\/2025\/06\/GDT-joue-2048x1365.jpg 2048w\" sizes=\"auto, (max-width: 2560px) 100vw, 2560px\" \/><\/a>@Jou\u00e9 Images &#8211; Ville de Jou\u00e9-l\u00e8s-Tours.<\/p>\n<p>&nbsp;<\/p>\n<p><em>\u00ab\u00a0Alors que chaque spectateur.ice se fond dans la foule, il ou elle devient un.e protagoniste pour tout.e.s les autres. Et la foule s&rsquo;agrandit.\u00a0\u00bb<\/em><\/p>\n<p>J&rsquo;ai voulu voir la foule, d&rsquo;apr\u00e8s Veiculo Longo&#8230;<\/p>\n<p>D&rsquo;abord i.elles m&rsquo;ont donn\u00e9 rendez-vous par SMS sur une place anim\u00e9e, remplie des mouvements des humain.e.s qui traversent, passent, vivent.<br \/>\nUn \u00e9change de messages v\u00e9rifie que je suis bien arriv\u00e9e. Les suivants m&rsquo;invitent \u00e0 m&rsquo;asseoir et observer. Une suite de consignes pour exercer mes yeux et mes oreilles \u00e0 caract\u00e9riser la place et ses flux : porter attention aux r\u00e9gularit\u00e9s, aux \u00e9v\u00e8nements, et bient\u00f4t aux incongruit\u00e9s qui, naturellement, apparaissent.<\/p>\n<p>L\u00e0, depuis ma bulle d&rsquo;observation, tout semble devenir un spectacle que je vole au quotidien. Difficile de savoir si tout cela est bien d\u00fb au hasard et \u00e0 la seule force de mon observation, ou \u00e0 mon imagination, ou \u00e0 autre chose encore. N&rsquo;y a-t-il pas des com\u00e9dien.ne.s quelque part devant moi ?<\/p>\n<p>L&rsquo;autrice ou l&rsquo;auteur des messages semble \u00eatre partout \u00e0 la fois. I.elle me demande de changer de point de vue, de suivre certaines personnes, d&rsquo;imaginer qui elles sont, de d\u00e9crire ce que je vois&#8230; Je voyage dans les flux de la ville et je les lui d\u00e9cris.<\/p>\n<p>Par vagues, la r\u00e9alit\u00e9 et la fiction s&rsquo;entrem\u00ealent, je m&rsquo;installe dans cette confortable position de spectateur.ice. Au fil des messages, l&rsquo;envie me prend de d\u00e9passer le cadre et de m&rsquo;en amuser. Y a-t-il d&rsquo;autres personnes \u00e0 recevoir ces messages? Et qui re\u00e7oit mes r\u00e9ponses, et qu&rsquo;en fait-elle ?<\/p>\n<p>Ne serai-je pas en train de devenir acteur-ice d&rsquo;une foule fictionnelle?<\/p>\n<p><a href=\"http:\/\/cie-veiculo-longo.fr\/wp-content\/uploads\/2025\/06\/Foule_presentation_web.pdf\">Dossier de Cr\u00e9ation<\/a><\/p>\n","protected":false},"excerpt":{"rendered":"<a href=\"https:\/\/cie-veiculo-longo.fr\/?page_id=1256\"><img loading=\"lazy\" decoding=\"async\" width=\"150\" height=\"150\" src=\"http:\/\/cie-veiculo-longo.fr\/wp-content\/plugins\/thumbnail-for-excerpts\/tfe_no_thumb.png\" class=\"alignleft wp-post-image tfe\" alt=\"\" title=\"\" \/><\/a><p>@Jou\u00e9 Images &#8211; Ville de Jou\u00e9-l\u00e8s-Tours. &nbsp; \u00ab\u00a0Alors que chaque spectateur.ice se fond dans la foule, il ou elle devient un.e protagoniste pour tout.e.s les autres. Et la foule s&rsquo;agrandit.\u00a0\u00bb J&rsquo;ai voulu voir la foule, d&rsquo;apr\u00e8s Veiculo Longo&#8230; D&rsquo;abord i.elles m&rsquo;ont donn\u00e9 rendez-vous par SMS sur une place anim\u00e9e, remplie des mouvements des humain.e.s qui [&hellip;]<\/p>\n","protected":false},"author":1,"featured_media":0,"parent":0,"menu_order":0,"comment_status":"closed","ping_status":"closed","template":"","meta":{"footnotes":""},"class_list":["post-1256","page","type-page","status-publish","hentry"],"_links":{"self":[{"href":"https:\/\/cie-veiculo-longo.fr\/index.php?rest_route=\/wp\/v2\/pages\/1256","targetHints":{"allow":["GET"]}}],"collection":[{"href":"https:\/\/cie-veiculo-longo.fr\/index.php?rest_route=\/wp\/v2\/pages"}],"about":[{"href":"https:\/\/cie-veiculo-longo.fr\/index.php?rest_route=\/wp\/v2\/types\/page"}],"author":[{"embeddable":true,"href":"https:\/\/cie-veiculo-longo.fr\/index.php?rest_route=\/wp\/v2\/users\/1"}],"replies":[{"embeddable":true,"href":"https:\/\/cie-veiculo-longo.fr\/index.php?rest_route=%2Fwp%2Fv2%2Fcomments&post=1256"}],"version-history":[{"count":5,"href":"https:\/\/cie-veiculo-longo.fr\/index.php?rest_route=\/wp\/v2\/pages\/1256\/revisions"}],"predecessor-version":[{"id":1287,"href":"https:\/\/cie-veiculo-longo.fr\/index.php?rest_route=\/wp\/v2\/pages\/1256\/revisions\/1287"}],"wp:attachment":[{"href":"https:\/\/cie-veiculo-longo.fr\/index.php?rest_route=%2Fwp%2Fv2%2Fmedia&parent=1256"}],"curies":[{"name":"wp","href":"https:\/\/api.w.org\/{rel}","templated":true}]}}