{"id":42,"date":"2014-03-24T08:46:32","date_gmt":"2014-03-24T08:46:32","guid":{"rendered":"http:\/\/cie-veiculo-longo.fr\/?page_id=42"},"modified":"2017-12-07T15:36:11","modified_gmt":"2017-12-07T15:36:11","slug":"facettes-ou-1746-kilometres-pour-comprendre","status":"publish","type":"page","link":"https:\/\/cie-veiculo-longo.fr\/?page_id=42","title":{"rendered":"Facettes ou 1746 kilom\u00e8tres pour comprendre"},"content":{"rendered":"<div title=\"Page 4\">\n<div>\n<p style=\"text-align: justify;\"><span style=\"color: #808080;\"><em>\u00ab On ne peut consid\u00e9rer un geste comme la propri\u00e9t\u00e9 d\u2019un individu, ni comme sa cr\u00e9ation. Le contraire est vrai : Ce sont les gestes qui se servent de nous ; nous sommes leurs instruments, leurs marionnettes, leurs incarnations. \u00bb<\/em> Milan Kundera, <em>L\u2019Immortalit\u00e9.<\/em><\/span><\/p>\n<p><img loading=\"lazy\" decoding=\"async\" class=\"\" src=\"http:\/\/cie-veiculo-longo.fr\/wp-content\/uploads\/2014\/03\/Facettes2.png\" alt=\"\" width=\"926\" height=\"497\" \/><\/p>\n<p style=\"text-align: justify;\">M\u00ealant danse, jeu, th\u00e9\u00e2tre, ce solo nous raconte un corps et sa propre trag\u00e9die.<br \/>\nIl est question de choix, ceux qui s\u2019offrent \u00e0 nous, que l\u2019on fait par d\u00e9faut malgr\u00e9 nous, ceux qu\u2019on subit avec le temps et la distance.<\/p>\n<h4 style=\"text-align: justify;\"><span style=\"color: #000000;\">Le corps comme une arme ?<\/span><\/h4>\n<\/div>\n<div style=\"text-align: justify;\">Le spectateur se retrouve t\u00e9moin de l\u2019intimit\u00e9 de cette femme enferm\u00e9e, hurlante. Tour \u00e0 tour attendrissante et d\u00e9testable, ridicule, dramatique et pu\u00e9rile. Son \u00eatre et ses \u00e9tats d\u2019\u00eatre, l\u2019entier. Elle use et abuse d\u2019apparats pour mieux accaparer le public, l\u2019attendrir.<\/div>\n<h4 style=\"text-align: justify;\"><span style=\"color: #000000;\">\u00ab Love me tender \u00bb<\/span><\/h4>\n<div style=\"text-align: justify;\">Parfois on rit, mais lorsqu\u2019on s\u2019arr\u00eate pour entrevoir, on se rend bien compte qu\u2019on est toujours le con d\u2019un autre. Elle nous emm\u00e8ne dans les passages secrets de son ventre, ses os, sa main, les gestes et les non gestes, les reliefs, les asp\u00e9rit\u00e9s du dedans.<\/div>\n<h4 style=\"text-align: justify;\"><span style=\"color: #000000;\">Forme et ecriture<\/span><\/h4>\n<div style=\"text-align: justify;\">Ce spectacle est une forme hybride. Une \u00e9criture contemporaine, une suite de tableaux, d\u2019images qui se font face et se r\u00e9pondent, se font \u00e9cho. Un esth\u00e9tique ludique et sombre. Empruntant une ligne d\u2019improvisation avec des intentions et des qualit\u00e9s de corps \u00e9crites, cette pi\u00e8ce nous sugg\u00e8re un vocabulaire parl\u00e9 par le corps. Ici, le mouvement ne d\u00e9voile nullement l\u2019essence de cette femme, mais c\u2019est plut\u00f4t \u00e0 travers elle que l\u2019on entrevoit le charme et la puissance du geste.Le ressentit et l\u2019organique dessinent ici la dramaturgie.<\/div>\n<h4 style=\"text-align: justify;\"><span style=\"color: #000000;\">Questionnements<\/span><\/h4>\n<div style=\"text-align: justify;\">Comment trouver de la distance face aux \u00e9motions qui nous submergent ?<\/div>\n<div style=\"text-align: justify;\">Faut -il chercher cette distance ou simplement accepter ?<\/div>\n<div style=\"text-align: justify;\">Perdre le contr\u00f4le ?<\/div>\n<div style=\"text-align: justify;\">Comment trouver de la tranquillit\u00e9 en \u00e9tant toujours sur le fil ?<br \/>\nComment accepter les contradictions et l\u2019inconstance de la raison ?De l\u2019\u00eatre ?<\/div>\n<div style=\"text-align: justify;\">Comment rester au plus juste des sensations, de l\u2019inconscient ?<\/div>\n<p><img loading=\"lazy\" decoding=\"async\" class=\"\" src=\"http:\/\/cie-veiculo-longo.fr\/wp-content\/uploads\/2014\/03\/Facettes21.png\" alt=\"\" width=\"929\" height=\"619\" \/><\/p>\n<p>&nbsp;<\/p>\n<p><a href=\"http:\/\/vimeo.com\/50387318\">Le Teaser<\/a><\/p>\n<p>&nbsp;<\/p>\n<\/div>\n","protected":false},"excerpt":{"rendered":"<a href=\"https:\/\/cie-veiculo-longo.fr\/?page_id=42\"><img loading=\"lazy\" decoding=\"async\" width=\"150\" height=\"150\" src=\"http:\/\/cie-veiculo-longo.fr\/wp-content\/plugins\/thumbnail-for-excerpts\/tfe_no_thumb.png\" class=\"alignleft wp-post-image tfe\" alt=\"\" title=\"\" \/><\/a><p>\u00ab On ne peut consid\u00e9rer un geste comme la propri\u00e9t\u00e9 d\u2019un individu, ni comme sa cr\u00e9ation. Le contraire est vrai : Ce sont les gestes qui se servent de nous ; nous sommes leurs instruments, leurs marionnettes, leurs incarnations. \u00bb Milan Kundera, L\u2019Immortalit\u00e9. M\u00ealant danse, jeu, th\u00e9\u00e2tre, ce solo nous raconte un corps et sa [&hellip;]<\/p>\n","protected":false},"author":1,"featured_media":0,"parent":0,"menu_order":0,"comment_status":"closed","ping_status":"open","template":"","meta":{"footnotes":""},"class_list":["post-42","page","type-page","status-publish","hentry"],"_links":{"self":[{"href":"https:\/\/cie-veiculo-longo.fr\/index.php?rest_route=\/wp\/v2\/pages\/42","targetHints":{"allow":["GET"]}}],"collection":[{"href":"https:\/\/cie-veiculo-longo.fr\/index.php?rest_route=\/wp\/v2\/pages"}],"about":[{"href":"https:\/\/cie-veiculo-longo.fr\/index.php?rest_route=\/wp\/v2\/types\/page"}],"author":[{"embeddable":true,"href":"https:\/\/cie-veiculo-longo.fr\/index.php?rest_route=\/wp\/v2\/users\/1"}],"replies":[{"embeddable":true,"href":"https:\/\/cie-veiculo-longo.fr\/index.php?rest_route=%2Fwp%2Fv2%2Fcomments&post=42"}],"version-history":[{"count":17,"href":"https:\/\/cie-veiculo-longo.fr\/index.php?rest_route=\/wp\/v2\/pages\/42\/revisions"}],"predecessor-version":[{"id":882,"href":"https:\/\/cie-veiculo-longo.fr\/index.php?rest_route=\/wp\/v2\/pages\/42\/revisions\/882"}],"wp:attachment":[{"href":"https:\/\/cie-veiculo-longo.fr\/index.php?rest_route=%2Fwp%2Fv2%2Fmedia&parent=42"}],"curies":[{"name":"wp","href":"https:\/\/api.w.org\/{rel}","templated":true}]}}