{"id":54,"date":"2014-03-24T08:50:04","date_gmt":"2014-03-24T08:50:04","guid":{"rendered":"http:\/\/cie-veiculo-longo.fr\/?page_id=54"},"modified":"2021-07-06T14:46:15","modified_gmt":"2021-07-06T14:46:15","slug":"les-attaques-poetiques","status":"publish","type":"page","link":"https:\/\/cie-veiculo-longo.fr\/?page_id=54","title":{"rendered":"Les Attaques Po\u00e9tiques"},"content":{"rendered":"<p style=\"text-align: right;\"><a href=\"http:\/\/cie-veiculo-longo.fr\/wp-content\/uploads\/2020\/07\/P2900112_cb.jpg\"><img loading=\"lazy\" decoding=\"async\" class=\"aligncenter size-full wp-image-1082\" src=\"http:\/\/cie-veiculo-longo.fr\/wp-content\/uploads\/2020\/07\/P2900112_cb.jpg\" alt=\"\" width=\"2048\" height=\"1538\" srcset=\"https:\/\/cie-veiculo-longo.fr\/wp-content\/uploads\/2020\/07\/P2900112_cb.jpg 2048w, https:\/\/cie-veiculo-longo.fr\/wp-content\/uploads\/2020\/07\/P2900112_cb-300x225.jpg 300w, https:\/\/cie-veiculo-longo.fr\/wp-content\/uploads\/2020\/07\/P2900112_cb-768x577.jpg 768w, https:\/\/cie-veiculo-longo.fr\/wp-content\/uploads\/2020\/07\/P2900112_cb-1024x769.jpg 1024w\" sizes=\"auto, (max-width: 2048px) 100vw, 2048px\" \/><\/a>@Pierre Acobas<\/p>\n<p style=\"text-align: justify;\">Improvisation in situ, en d\u00e9ambulation pour un.e ou deux performeur.euse.s.<\/p>\n<p style=\"text-align: justify;\">Prendre par surprise et subtiliser, contraindre, donner, ou imposer un moment. Profiter de l\u2019instant. Le moindre d\u00e9tail prend une autre dimension lorsqu\u2019on lui accorde de l\u2019importance.<br \/>\nPerturber un lieu, un public, averti ou non, afin de jouer des r\u00e9actions, tourner \u00e0 la d\u00e9rision et laisser toute sa place \u00e0 l\u2019improvisation.<br \/>\nL\u2019id\u00e9e des Attaques est avant tout de redimensionner un espace ou un objet afin de lui offrir une nouvelle histoire, ou simplement raconter celle qu\u2019il y a d\u00e9j\u00e0.<br \/>\nFaire de chaque endroit un paysage sc\u00e9nique, emprunter le quotidien pour en faire une perturbation po\u00e9tique et imag\u00e9e.<br \/>\nLes interactions avec le lieu et le public sont la cl\u00e9 des Attaques po\u00e9tiques, elles les nourrissent et de l\u00e0 na\u00eet la po\u00e9sie.<\/p>\n<p style=\"text-align: justify;\">Ces perturbations publiques se basent sur l\u2019improvisation et se font l\u2019\u00e9cho de l\u2019espace dans lequel elles se d\u00e9roulent ou des spectateurs qui y assistent.<\/p>\n<p style=\"text-align: justify;\">Elles transforment le quotidien en un espace chor\u00e9graphique.<\/p>\n<p><a href=\"http:\/\/cie-veiculo-longo.fr\/wp-content\/uploads\/2014\/03\/Delirium1.jpg\"><img loading=\"lazy\" decoding=\"async\" class=\" wp-image-83\" src=\"http:\/\/cie-veiculo-longo.fr\/wp-content\/uploads\/2014\/03\/Delirium1.jpg\" alt=\"\" width=\"464\" height=\"698\" srcset=\"https:\/\/cie-veiculo-longo.fr\/wp-content\/uploads\/2014\/03\/Delirium1.jpg 638w, https:\/\/cie-veiculo-longo.fr\/wp-content\/uploads\/2014\/03\/Delirium1-199x300.jpg 199w\" sizes=\"auto, (max-width: 464px) 100vw, 464px\" \/><\/a><\/p>\n","protected":false},"excerpt":{"rendered":"<a href=\"https:\/\/cie-veiculo-longo.fr\/?page_id=54\"><img loading=\"lazy\" decoding=\"async\" width=\"150\" height=\"150\" src=\"http:\/\/cie-veiculo-longo.fr\/wp-content\/plugins\/thumbnail-for-excerpts\/tfe_no_thumb.png\" class=\"alignleft wp-post-image tfe\" alt=\"\" title=\"\" \/><\/a><p>@Pierre Acobas Improvisation in situ, en d\u00e9ambulation pour un.e ou deux performeur.euse.s. Prendre par surprise et subtiliser, contraindre, donner, ou imposer un moment. Profiter de l\u2019instant. Le moindre d\u00e9tail prend une autre dimension lorsqu\u2019on lui accorde de l\u2019importance. Perturber un lieu, un public, averti ou non, afin de jouer des r\u00e9actions, tourner \u00e0 la d\u00e9rision [&hellip;]<\/p>\n","protected":false},"author":1,"featured_media":0,"parent":0,"menu_order":0,"comment_status":"closed","ping_status":"open","template":"","meta":{"footnotes":""},"class_list":["post-54","page","type-page","status-publish","hentry"],"_links":{"self":[{"href":"https:\/\/cie-veiculo-longo.fr\/index.php?rest_route=\/wp\/v2\/pages\/54","targetHints":{"allow":["GET"]}}],"collection":[{"href":"https:\/\/cie-veiculo-longo.fr\/index.php?rest_route=\/wp\/v2\/pages"}],"about":[{"href":"https:\/\/cie-veiculo-longo.fr\/index.php?rest_route=\/wp\/v2\/types\/page"}],"author":[{"embeddable":true,"href":"https:\/\/cie-veiculo-longo.fr\/index.php?rest_route=\/wp\/v2\/users\/1"}],"replies":[{"embeddable":true,"href":"https:\/\/cie-veiculo-longo.fr\/index.php?rest_route=%2Fwp%2Fv2%2Fcomments&post=54"}],"version-history":[{"count":32,"href":"https:\/\/cie-veiculo-longo.fr\/index.php?rest_route=\/wp\/v2\/pages\/54\/revisions"}],"predecessor-version":[{"id":1204,"href":"https:\/\/cie-veiculo-longo.fr\/index.php?rest_route=\/wp\/v2\/pages\/54\/revisions\/1204"}],"wp:attachment":[{"href":"https:\/\/cie-veiculo-longo.fr\/index.php?rest_route=%2Fwp%2Fv2%2Fmedia&parent=54"}],"curies":[{"name":"wp","href":"https:\/\/api.w.org\/{rel}","templated":true}]}}