{"id":8,"date":"2014-03-21T14:33:15","date_gmt":"2014-03-21T14:33:15","guid":{"rendered":"http:\/\/cie-veiculo-longo.fr\/?page_id=8"},"modified":"2025-06-16T13:43:26","modified_gmt":"2025-06-16T13:43:26","slug":"la-compagnie","status":"publish","type":"page","link":"https:\/\/cie-veiculo-longo.fr\/?page_id=8","title":{"rendered":"La Compagnie"},"content":{"rendered":"<div title=\"Page 3\">\n<p style=\"text-align: justify;\" align=\"JUSTIFY\">VEICULO LONGO est une compagnie d&rsquo;Arts de Rue qui propose des cr\u00e9ations improvis\u00e9es, pluridisciplinaires, performatives et collectives dans et pour l&rsquo;espace public.<\/p>\n<p>La compagnie\u00a0 \u0153uvre et construit ses spectacles au sein d\u2019espaces publics vivants et ouverts. Espaces urbains, paysages, activit\u00e9s humaines, r\u00e9seaux, environnements sonores etc&#8230; : le r\u00e9el constitue la mati\u00e8re premi\u00e8re, riche, impr\u00e9visible et complexe. Il propose une source intarissable d\u2019\u00e9v\u00e9nements et de pr\u00e9textes \u00e0 jouer. Elle est une structure qui questionne le spectacle et ses lieux privil\u00e9gi\u00e9s, la place des individus dans la soci\u00e9t\u00e9, la place de l\u2019art et de la po\u00e9sie dans le quotidien.<\/p>\n<p>Par l\u2019\u00e9criture de protocoles d\u2019improvisation, par le d\u00e9veloppement de dispositifs techniques et par un travail de corps, nous nous mettons en r\u00e9sonance avec l\u2019espace public et venons souligner, r\u00e9v\u00e9ler ce qui est d\u00e9j\u00e0 l\u00e0 et qui fait spectacle. Par cette action, nous nous pla\u00e7ons comme constructeur- ices du lien entre les spectateur-ices et la ville.<\/p>\n<\/div>\n<div title=\"Page 3\">\n<p><a href=\"http:\/\/cie-veiculo-longo.fr\/wp-content\/uploads\/2022\/06\/P1492498_cb-1.png\"><img loading=\"lazy\" decoding=\"async\" class=\"aligncenter size-full wp-image-1233\" src=\"http:\/\/cie-veiculo-longo.fr\/wp-content\/uploads\/2022\/06\/P1492498_cb-1.png\" alt=\"\" width=\"2500\" height=\"1875\" srcset=\"https:\/\/cie-veiculo-longo.fr\/wp-content\/uploads\/2022\/06\/P1492498_cb-1.png 2500w, https:\/\/cie-veiculo-longo.fr\/wp-content\/uploads\/2022\/06\/P1492498_cb-1-300x225.png 300w, https:\/\/cie-veiculo-longo.fr\/wp-content\/uploads\/2022\/06\/P1492498_cb-1-768x576.png 768w, https:\/\/cie-veiculo-longo.fr\/wp-content\/uploads\/2022\/06\/P1492498_cb-1-1024x768.png 1024w\" sizes=\"auto, (max-width: 2500px) 100vw, 2500px\" \/><\/a><\/p>\n<p style=\"text-align: center;\"><em>\u00a0<\/em><\/p>\n<\/div>\n<p style=\"text-align: justify;\">\n","protected":false},"excerpt":{"rendered":"<a href=\"https:\/\/cie-veiculo-longo.fr\/?page_id=8\"><img loading=\"lazy\" decoding=\"async\" width=\"150\" height=\"150\" src=\"http:\/\/cie-veiculo-longo.fr\/wp-content\/plugins\/thumbnail-for-excerpts\/tfe_no_thumb.png\" class=\"alignleft wp-post-image tfe\" alt=\"\" title=\"\" \/><\/a><p>VEICULO LONGO est une compagnie d&rsquo;Arts de Rue qui propose des cr\u00e9ations improvis\u00e9es, pluridisciplinaires, performatives et collectives dans et pour l&rsquo;espace public. La compagnie\u00a0 \u0153uvre et construit ses spectacles au sein d\u2019espaces publics vivants et ouverts. Espaces urbains, paysages, activit\u00e9s humaines, r\u00e9seaux, environnements sonores etc&#8230; : le r\u00e9el constitue la mati\u00e8re premi\u00e8re, riche, impr\u00e9visible et [&hellip;]<\/p>\n","protected":false},"author":1,"featured_media":0,"parent":0,"menu_order":0,"comment_status":"closed","ping_status":"open","template":"","meta":{"footnotes":""},"class_list":["post-8","page","type-page","status-publish","hentry"],"_links":{"self":[{"href":"https:\/\/cie-veiculo-longo.fr\/index.php?rest_route=\/wp\/v2\/pages\/8","targetHints":{"allow":["GET"]}}],"collection":[{"href":"https:\/\/cie-veiculo-longo.fr\/index.php?rest_route=\/wp\/v2\/pages"}],"about":[{"href":"https:\/\/cie-veiculo-longo.fr\/index.php?rest_route=\/wp\/v2\/types\/page"}],"author":[{"embeddable":true,"href":"https:\/\/cie-veiculo-longo.fr\/index.php?rest_route=\/wp\/v2\/users\/1"}],"replies":[{"embeddable":true,"href":"https:\/\/cie-veiculo-longo.fr\/index.php?rest_route=%2Fwp%2Fv2%2Fcomments&post=8"}],"version-history":[{"count":44,"href":"https:\/\/cie-veiculo-longo.fr\/index.php?rest_route=\/wp\/v2\/pages\/8\/revisions"}],"predecessor-version":[{"id":1278,"href":"https:\/\/cie-veiculo-longo.fr\/index.php?rest_route=\/wp\/v2\/pages\/8\/revisions\/1278"}],"wp:attachment":[{"href":"https:\/\/cie-veiculo-longo.fr\/index.php?rest_route=%2Fwp%2Fv2%2Fmedia&parent=8"}],"curies":[{"name":"wp","href":"https:\/\/api.w.org\/{rel}","templated":true}]}}